{"id":26,"date":"2020-10-22T20:01:59","date_gmt":"2020-10-22T18:01:59","guid":{"rendered":"http:\/\/allgaeu-plaisir-music.de\/?page_id=26"},"modified":"2024-08-20T09:29:13","modified_gmt":"2024-08-20T07:29:13","slug":"ueber-uns","status":"publish","type":"page","link":"https:\/\/allgaeu-plaisir-music.de\/?page_id=26","title":{"rendered":"\u00dcber uns"},"content":{"rendered":"<p>2007 kreuzten sich zuf\u00e4llig Pats und Daniels Wege &#8211; der Beginn vieler gemeinsamer Ski- und Klettertouren. Doch nicht nur der Bergsport verband sie, sondern auch die gemeinsame Liebe zur Musik und zum Musizieren. Es entstand eine innige Freundschaft. Abends nahmen die beiden Jungs immer wieder die Gitarre und spielten zu Hause vor Freunden oder in H\u00fctten Lieder aus ihrer Jugendzeit.<\/p>\n<p>W\u00e4hrend Pat mit Amerikanischer Folk-Musik, Hannes Wader, den Dire Straits und der EAV aufgewachsen ist, pr\u00e4gten Daniels Jugend vor allem die Prinzen, die \u00c4rzte und Metallica. Die beiden Musikbegeisterten erg\u00e4nzten sich hervorragend und hatten viel Freude beim gemeinsamen Musik machen, sodass sie sich immer wieder regelrecht in Trance spielten.<\/p>\n<p>Anfang 2019 begannen sie regelm\u00e4\u00dfig zu proben um sich auf \u00f6ffentliche Konzerte und Auftritte vorzubereiten. Zu dieser Zeit nahmen Pat und Daniel mehr und mehr selbstgeschriebene Lieder in ihr Repertoire mit auf, die mittlerweile den Schwerpunkt bilden. Die Songs, die haupts\u00e4chlich von Daniel komponiert werden, handeln von Themen des Lebens die jeder kennt: mal nachdenklich, mal lebendig, immer nah an den Themen des Lebens. Pat verpasst den Liedern mit seiner Gitarre einen ganz besonderen Schliff. Jetzt ist es Zeit, auch ihre Eigenkompositionen als Singer\/Songwriter dem Publikum vorzustellen.<\/p>\n<p>Seit 2022 ist Schlagzeuger Michi mit dabei und begleitet die Band mit seiner Cajon. Damit zaubert er mehr Tiefe, Struktur und Lebendigkeit in die Songs. Kurzgesagt &#8211; dank Michi klingt alles viel besser :-).<\/p>\n<p>Die B\u00e4nde freut sich auf weitere Auftritte.<\/p>\n","protected":false},"excerpt":{"rendered":"<p>2007 kreuzten sich zuf\u00e4llig Pats und Daniels Wege &#8211; der Beginn vieler gemeinsamer Ski- und Klettertouren. Doch nicht nur der Bergsport verband sie, sondern auch&hellip;<\/p>\n","protected":false},"author":1,"featured_media":428,"parent":0,"menu_order":0,"comment_status":"closed","ping_status":"closed","template":"","meta":{"footnotes":""},"_links":{"self":[{"href":"https:\/\/allgaeu-plaisir-music.de\/index.php?rest_route=\/wp\/v2\/pages\/26"}],"collection":[{"href":"https:\/\/allgaeu-plaisir-music.de\/index.php?rest_route=\/wp\/v2\/pages"}],"about":[{"href":"https:\/\/allgaeu-plaisir-music.de\/index.php?rest_route=\/wp\/v2\/types\/page"}],"author":[{"embeddable":true,"href":"https:\/\/allgaeu-plaisir-music.de\/index.php?rest_route=\/wp\/v2\/users\/1"}],"replies":[{"embeddable":true,"href":"https:\/\/allgaeu-plaisir-music.de\/index.php?rest_route=%2Fwp%2Fv2%2Fcomments&post=26"}],"version-history":[{"count":21,"href":"https:\/\/allgaeu-plaisir-music.de\/index.php?rest_route=\/wp\/v2\/pages\/26\/revisions"}],"predecessor-version":[{"id":486,"href":"https:\/\/allgaeu-plaisir-music.de\/index.php?rest_route=\/wp\/v2\/pages\/26\/revisions\/486"}],"wp:featuredmedia":[{"embeddable":true,"href":"https:\/\/allgaeu-plaisir-music.de\/index.php?rest_route=\/wp\/v2\/media\/428"}],"wp:attachment":[{"href":"https:\/\/allgaeu-plaisir-music.de\/index.php?rest_route=%2Fwp%2Fv2%2Fmedia&parent=26"}],"curies":[{"name":"wp","href":"https:\/\/api.w.org\/{rel}","templated":true}]}}