{"id":11,"date":"2020-10-19T21:17:26","date_gmt":"2020-10-19T19:17:26","guid":{"rendered":"http:\/\/allgaeu-plaisir-music.de\/?page_id=11"},"modified":"2024-11-23T18:44:47","modified_gmt":"2024-11-23T17:44:47","slug":"videos","status":"publish","type":"page","link":"https:\/\/allgaeu-plaisir-music.de\/?page_id=11","title":{"rendered":"Videos"},"content":{"rendered":"<p><iframe loading=\"lazy\" width=\"1212\" height=\"682\" src=\"https:\/\/www.youtube.com\/embed\/ZwqMZpa0Vyo\" title=\"Schlechtes heil&#39;n Gl\u00fcck verteil&#39;n - Allg\u00e4u Plaisir\" frameborder=\"0\" allow=\"accelerometer; autoplay; clipboard-write; encrypted-media; gyroscope; picture-in-picture; web-share\" referrerpolicy=\"strict-origin-when-cross-origin\" allowfullscreen><\/iframe><\/p>\n<p><iframe loading=\"lazy\" width=\"1212\" height=\"682\" src=\"https:\/\/www.youtube.com\/embed\/kCWU8cncDRk\" title=\"Ham kummst - Seiler und Speer (Cover by Allg\u00e4u Plaisir feat. Anja)\" frameborder=\"0\" allow=\"accelerometer; autoplay; clipboard-write; encrypted-media; gyroscope; picture-in-picture; web-share\" referrerpolicy=\"strict-origin-when-cross-origin\" allowfullscreen><\/iframe><\/p>\n<p><iframe loading=\"lazy\" width=\"1212\" height=\"682\" src=\"https:\/\/www.youtube.com\/embed\/L1HyizDhNRE\" title=\"He, Du! - Allg\u00e4u Plaisir (Carport Session)\" frameborder=\"0\" allow=\"accelerometer; autoplay; clipboard-write; encrypted-media; gyroscope; picture-in-picture; web-share\" referrerpolicy=\"strict-origin-when-cross-origin\" allowfullscreen><\/iframe><\/p>\n<p><iframe loading=\"lazy\" width=\"1212\" height=\"682\" src=\"https:\/\/www.youtube.com\/embed\/lO-Cnc0DTXs\" title=\"Whats Up - 4 Non Blondes (Cover by Allg\u00e4u-Plaisir feat. Anja)\" frameborder=\"0\" allow=\"accelerometer; autoplay; clipboard-write; encrypted-media; gyroscope; picture-in-picture; web-share\" referrerpolicy=\"strict-origin-when-cross-origin\" allowfullscreen><\/p>\n<p><iframe loading=\"lazy\" width=\"1212\" height=\"682\" src=\"https:\/\/www.youtube.com\/embed\/Fi7a25hXQZ4\" title=\"Du und ich - Allg\u00e4u Plaisir\" frameborder=\"0\" allow=\"accelerometer; autoplay; clipboard-write; encrypted-media; gyroscope; picture-in-picture; web-share\" referrerpolicy=\"strict-origin-when-cross-origin\" allowfullscreen><\/iframe><br \/>\n<\/iframe><\/p>\n<p><iframe loading=\"lazy\" width=\"1212\" height=\"682\" src=\"https:\/\/www.youtube.com\/embed\/ckd_6dg2x-M\" title=\"Love Me Like a Man - Bonnie Raitt (Cover by Allg\u00e4u-Plaisir feat. Anja)\" frameborder=\"0\" allow=\"accelerometer; autoplay; clipboard-write; encrypted-media; gyroscope; picture-in-picture; web-share\" referrerpolicy=\"strict-origin-when-cross-origin\" allowfullscreen><\/iframe><\/p>\n<p><iframe loading=\"lazy\" width=\"1212\" height=\"682\" src=\"https:\/\/www.youtube.com\/embed\/ousKezFRw78\" title=\"Mit vier W\u00e4nden in den S\u00fcden - Allg\u00e4u-Plaisir feat. Anja\" frameborder=\"0\" allow=\"accelerometer; autoplay; clipboard-write; encrypted-media; gyroscope; picture-in-picture; web-share\" referrerpolicy=\"strict-origin-when-cross-origin\" allowfullscreen><\/iframe><\/p>\n<p><iframe loading=\"lazy\" src=\"https:\/\/www.youtube.com\/embed\/BJIggzNJe9g\" width=\"1349\" height=\"480\" frameborder=\"0\" allowfullscreen=\"allowfullscreen\"><\/iframe><\/p>\n<p><iframe loading=\"lazy\" src=\"https:\/\/www.youtube.com\/embed\/CrtvCP_rUyo\" width=\"1349\" height=\"480\" frameborder=\"0\" allowfullscreen=\"allowfullscreen\"><\/iframe><\/p>\n<p><iframe loading=\"lazy\" src=\"https:\/\/www.youtube.com\/embed\/KObb06-MeJE\" width=\"1349\" height=\"480\" frameborder=\"0\" allowfullscreen=\"allowfullscreen\"><\/iframe><\/p>\n","protected":false},"excerpt":{"rendered":"","protected":false},"author":1,"featured_media":428,"parent":0,"menu_order":0,"comment_status":"closed","ping_status":"closed","template":"","meta":{"footnotes":""},"_links":{"self":[{"href":"https:\/\/allgaeu-plaisir-music.de\/index.php?rest_route=\/wp\/v2\/pages\/11"}],"collection":[{"href":"https:\/\/allgaeu-plaisir-music.de\/index.php?rest_route=\/wp\/v2\/pages"}],"about":[{"href":"https:\/\/allgaeu-plaisir-music.de\/index.php?rest_route=\/wp\/v2\/types\/page"}],"author":[{"embeddable":true,"href":"https:\/\/allgaeu-plaisir-music.de\/index.php?rest_route=\/wp\/v2\/users\/1"}],"replies":[{"embeddable":true,"href":"https:\/\/allgaeu-plaisir-music.de\/index.php?rest_route=%2Fwp%2Fv2%2Fcomments&post=11"}],"version-history":[{"count":16,"href":"https:\/\/allgaeu-plaisir-music.de\/index.php?rest_route=\/wp\/v2\/pages\/11\/revisions"}],"predecessor-version":[{"id":499,"href":"https:\/\/allgaeu-plaisir-music.de\/index.php?rest_route=\/wp\/v2\/pages\/11\/revisions\/499"}],"wp:featuredmedia":[{"embeddable":true,"href":"https:\/\/allgaeu-plaisir-music.de\/index.php?rest_route=\/wp\/v2\/media\/428"}],"wp:attachment":[{"href":"https:\/\/allgaeu-plaisir-music.de\/index.php?rest_route=%2Fwp%2Fv2%2Fmedia&parent=11"}],"curies":[{"name":"wp","href":"https:\/\/api.w.org\/{rel}","templated":true}]}}